{"id":6303,"date":"2025-03-06T09:24:20","date_gmt":"2025-03-06T08:24:20","guid":{"rendered":"http:\/\/jsvlogistic.com\/tesekkur-formu\/"},"modified":"2025-04-10T12:19:24","modified_gmt":"2025-04-10T10:19:24","slug":"tesekkur-formu","status":"publish","type":"page","link":"https:\/\/jsvlogistic.com\/tr\/tesekkur-formu\/","title":{"rendered":"Te\u015fekk\u00fcr formu"},"content":{"rendered":"\t\t<div data-elementor-type=\"wp-page\" data-elementor-id=\"6303\" class=\"elementor elementor-6303 elementor-1258\" data-elementor-post-type=\"page\">\n\t\t\t\t<div class=\"elementor-element elementor-element-8bfd2fe e-flex e-con-boxed wpr-particle-no wpr-jarallax-no wpr-parallax-no wpr-sticky-section-no e-con e-parent\" data-id=\"8bfd2fe\" data-element_type=\"container\" data-settings=\"{&quot;jet_parallax_layout_list&quot;:[]}\">\n\t\t\t\t\t<div class=\"e-con-inner\">\n\t\t\t\t<div class=\"elementor-element elementor-element-4a9af25 elementor-widget elementor-widget-text-editor\" data-id=\"4a9af25\" data-element_type=\"widget\" data-widget_type=\"text-editor.default\">\n\t\t\t\t<div class=\"elementor-widget-container\">\n\t\t\t\t\t\t\t\t\tMesaj\u0131n\u0131z i\u00e7in te\u015fekk\u00fcr ederim\n\n\n\n\n\n\t\t\t\t\t\t\t\t<\/div>\n\t\t\t\t<\/div>\n\t\t\t\t\t<\/div>\n\t\t\t\t<\/div>\n\t\t\t\t<\/div>\n\t\t","protected":false},"excerpt":{"rendered":"<p>Mesaj\u0131n\u0131z i\u00e7in te\u015fekk\u00fcr ederim<\/p>\n","protected":false},"author":1,"featured_media":0,"parent":0,"menu_order":0,"comment_status":"closed","ping_status":"closed","template":"","meta":{"_acf_changed":false,"site-sidebar-layout":"no-sidebar","site-content-layout":"","ast-site-content-layout":"full-width-container","site-content-style":"default","site-sidebar-style":"default","ast-global-header-display":"","ast-banner-title-visibility":"","ast-main-header-display":"","ast-hfb-above-header-display":"","ast-hfb-below-header-display":"","ast-hfb-mobile-header-display":"","site-post-title":"disabled","ast-breadcrumbs-content":"","ast-featured-img":"disabled","footer-sml-layout":"","theme-transparent-header-meta":"","adv-header-id-meta":"","stick-header-meta":"","header-above-stick-meta":"","header-main-stick-meta":"","header-below-stick-meta":"","astra-migrate-meta-layouts":"default","ast-page-background-enabled":"default","ast-page-background-meta":{"desktop":{"background-color":"var(--ast-global-color-5)","background-image":"","background-repeat":"repeat","background-position":"center center","background-size":"auto","background-attachment":"scroll","background-type":"","background-media":"","overlay-type":"","overlay-color":"","overlay-opacity":"","overlay-gradient":""},"tablet":{"background-color":"","background-image":"","background-repeat":"repeat","background-position":"center center","background-size":"auto","background-attachment":"scroll","background-type":"","background-media":"","overlay-type":"","overlay-color":"","overlay-opacity":"","overlay-gradient":""},"mobile":{"background-color":"","background-image":"","background-repeat":"repeat","background-position":"center center","background-size":"auto","background-attachment":"scroll","background-type":"","background-media":"","overlay-type":"","overlay-color":"","overlay-opacity":"","overlay-gradient":""}},"ast-content-background-meta":{"desktop":{"background-color":"var(--ast-global-color-4)","background-image":"","background-repeat":"repeat","background-position":"center center","background-size":"auto","background-attachment":"scroll","background-type":"","background-media":"","overlay-type":"","overlay-color":"","overlay-opacity":"","overlay-gradient":""},"tablet":{"background-color":"var(--ast-global-color-4)","background-image":"","background-repeat":"repeat","background-position":"center center","background-size":"auto","background-attachment":"scroll","background-type":"","background-media":"","overlay-type":"","overlay-color":"","overlay-opacity":"","overlay-gradient":""},"mobile":{"background-color":"var(--ast-global-color-4)","background-image":"","background-repeat":"repeat","background-position":"center center","background-size":"auto","background-attachment":"scroll","background-type":"","background-media":"","overlay-type":"","overlay-color":"","overlay-opacity":"","overlay-gradient":""}},"footnotes":""},"class_list":["post-6303","page","type-page","status-publish","hentry"],"acf":[],"yoast_head":"<!-- This site is optimized with the Yoast SEO plugin v27.4 - https:\/\/yoast.com\/product\/yoast-seo-wordpress\/ -->\n<title>Te\u015fekk\u00fcr formu - Grupo JSV - Move to Green<\/title>\n<meta name=\"robots\" content=\"index, follow, max-snippet:-1, max-image-preview:large, max-video-preview:-1\" \/>\n<link rel=\"canonical\" href=\"https:\/\/jsvlogistic.com\/tr\/tesekkur-formu\/\" \/>\n<meta property=\"og:locale\" content=\"tr_TR\" \/>\n<meta property=\"og:type\" content=\"article\" \/>\n<meta property=\"og:title\" content=\"Te\u015fekk\u00fcr formu - Grupo JSV - Move to Green\" \/>\n<meta property=\"og:description\" content=\"Mesaj\u0131n\u0131z i\u00e7in te\u015fekk\u00fcr ederim\" \/>\n<meta property=\"og:url\" content=\"https:\/\/jsvlogistic.com\/tr\/tesekkur-formu\/\" \/>\n<meta property=\"og:site_name\" content=\"Grupo JSV - Move to Green\" \/>\n<meta property=\"article:modified_time\" content=\"2025-04-10T10:19:24+00:00\" \/>\n<meta name=\"twitter:card\" content=\"summary_large_image\" \/>\n<script type=\"application\/ld+json\" class=\"yoast-schema-graph\">{\"@context\":\"https:\\\/\\\/schema.org\",\"@graph\":[{\"@type\":\"WebPage\",\"@id\":\"https:\\\/\\\/jsvlogistic.com\\\/tr\\\/tesekkur-formu\\\/\",\"url\":\"https:\\\/\\\/jsvlogistic.com\\\/tr\\\/tesekkur-formu\\\/\",\"name\":\"Te\u015fekk\u00fcr formu - Grupo JSV - Move to Green\",\"isPartOf\":{\"@id\":\"https:\\\/\\\/jsvlogistic.com\\\/tr\\\/#website\"},\"datePublished\":\"2025-03-06T08:24:20+00:00\",\"dateModified\":\"2025-04-10T10:19:24+00:00\",\"breadcrumb\":{\"@id\":\"https:\\\/\\\/jsvlogistic.com\\\/tr\\\/tesekkur-formu\\\/#breadcrumb\"},\"inLanguage\":\"tr\",\"potentialAction\":[{\"@type\":\"ReadAction\",\"target\":[\"https:\\\/\\\/jsvlogistic.com\\\/tr\\\/tesekkur-formu\\\/\"]}]},{\"@type\":\"BreadcrumbList\",\"@id\":\"https:\\\/\\\/jsvlogistic.com\\\/tr\\\/tesekkur-formu\\\/#breadcrumb\",\"itemListElement\":[{\"@type\":\"ListItem\",\"position\":1,\"name\":\"Home\",\"item\":\"https:\\\/\\\/jsvlogistic.com\\\/tr\\\/\"},{\"@type\":\"ListItem\",\"position\":2,\"name\":\"Te\u015fekk\u00fcr formu\"}]},{\"@type\":\"WebSite\",\"@id\":\"https:\\\/\\\/jsvlogistic.com\\\/tr\\\/#website\",\"url\":\"https:\\\/\\\/jsvlogistic.com\\\/tr\\\/\",\"name\":\"Grupo JSV - Move to Green\",\"description\":\"JSV es el operador log\u00edstico y de transporte multimodal que mejor se adapta a lo que necesitas. Hacemos el servicio puerta a puerta de forma integral, con recursos propios en todas las fases, y te damos siempre la soluci\u00f3n personalizada m\u00e1s eficiente y sostenible.\",\"publisher\":{\"@id\":\"https:\\\/\\\/jsvlogistic.com\\\/tr\\\/#organization\"},\"potentialAction\":[{\"@type\":\"SearchAction\",\"target\":{\"@type\":\"EntryPoint\",\"urlTemplate\":\"https:\\\/\\\/jsvlogistic.com\\\/tr\\\/?s={search_term_string}\"},\"query-input\":{\"@type\":\"PropertyValueSpecification\",\"valueRequired\":true,\"valueName\":\"search_term_string\"}}],\"inLanguage\":\"tr\"},{\"@type\":\"Organization\",\"@id\":\"https:\\\/\\\/jsvlogistic.com\\\/tr\\\/#organization\",\"name\":\"Grupo JSV - Move to Green\",\"url\":\"https:\\\/\\\/jsvlogistic.com\\\/tr\\\/\",\"logo\":{\"@type\":\"ImageObject\",\"inLanguage\":\"tr\",\"@id\":\"https:\\\/\\\/jsvlogistic.com\\\/tr\\\/#\\\/schema\\\/logo\\\/image\\\/\",\"url\":\"https:\\\/\\\/jsvlogistic.com\\\/wp-content\\\/uploads\\\/2025\\\/02\\\/logo.svg\",\"contentUrl\":\"https:\\\/\\\/jsvlogistic.com\\\/wp-content\\\/uploads\\\/2025\\\/02\\\/logo.svg\",\"width\":210,\"height\":105,\"caption\":\"Grupo JSV - Move to Green\"},\"image\":{\"@id\":\"https:\\\/\\\/jsvlogistic.com\\\/tr\\\/#\\\/schema\\\/logo\\\/image\\\/\"}}]}<\/script>\n<!-- \/ Yoast SEO plugin. -->","yoast_head_json":{"title":"Te\u015fekk\u00fcr formu - Grupo JSV - Move to Green","robots":{"index":"index","follow":"follow","max-snippet":"max-snippet:-1","max-image-preview":"max-image-preview:large","max-video-preview":"max-video-preview:-1"},"canonical":"https:\/\/jsvlogistic.com\/tr\/tesekkur-formu\/","og_locale":"tr_TR","og_type":"article","og_title":"Te\u015fekk\u00fcr formu - Grupo JSV - Move to Green","og_description":"Mesaj\u0131n\u0131z i\u00e7in te\u015fekk\u00fcr ederim","og_url":"https:\/\/jsvlogistic.com\/tr\/tesekkur-formu\/","og_site_name":"Grupo JSV - Move to Green","article_modified_time":"2025-04-10T10:19:24+00:00","twitter_card":"summary_large_image","schema":{"@context":"https:\/\/schema.org","@graph":[{"@type":"WebPage","@id":"https:\/\/jsvlogistic.com\/tr\/tesekkur-formu\/","url":"https:\/\/jsvlogistic.com\/tr\/tesekkur-formu\/","name":"Te\u015fekk\u00fcr formu - Grupo JSV - Move to Green","isPartOf":{"@id":"https:\/\/jsvlogistic.com\/tr\/#website"},"datePublished":"2025-03-06T08:24:20+00:00","dateModified":"2025-04-10T10:19:24+00:00","breadcrumb":{"@id":"https:\/\/jsvlogistic.com\/tr\/tesekkur-formu\/#breadcrumb"},"inLanguage":"tr","potentialAction":[{"@type":"ReadAction","target":["https:\/\/jsvlogistic.com\/tr\/tesekkur-formu\/"]}]},{"@type":"BreadcrumbList","@id":"https:\/\/jsvlogistic.com\/tr\/tesekkur-formu\/#breadcrumb","itemListElement":[{"@type":"ListItem","position":1,"name":"Home","item":"https:\/\/jsvlogistic.com\/tr\/"},{"@type":"ListItem","position":2,"name":"Te\u015fekk\u00fcr formu"}]},{"@type":"WebSite","@id":"https:\/\/jsvlogistic.com\/tr\/#website","url":"https:\/\/jsvlogistic.com\/tr\/","name":"Grupo JSV - Move to Green","description":"JSV es el operador log\u00edstico y de transporte multimodal que mejor se adapta a lo que necesitas. Hacemos el servicio puerta a puerta de forma integral, con recursos propios en todas las fases, y te damos siempre la soluci\u00f3n personalizada m\u00e1s eficiente y sostenible.","publisher":{"@id":"https:\/\/jsvlogistic.com\/tr\/#organization"},"potentialAction":[{"@type":"SearchAction","target":{"@type":"EntryPoint","urlTemplate":"https:\/\/jsvlogistic.com\/tr\/?s={search_term_string}"},"query-input":{"@type":"PropertyValueSpecification","valueRequired":true,"valueName":"search_term_string"}}],"inLanguage":"tr"},{"@type":"Organization","@id":"https:\/\/jsvlogistic.com\/tr\/#organization","name":"Grupo JSV - Move to Green","url":"https:\/\/jsvlogistic.com\/tr\/","logo":{"@type":"ImageObject","inLanguage":"tr","@id":"https:\/\/jsvlogistic.com\/tr\/#\/schema\/logo\/image\/","url":"https:\/\/jsvlogistic.com\/wp-content\/uploads\/2025\/02\/logo.svg","contentUrl":"https:\/\/jsvlogistic.com\/wp-content\/uploads\/2025\/02\/logo.svg","width":210,"height":105,"caption":"Grupo JSV - Move to Green"},"image":{"@id":"https:\/\/jsvlogistic.com\/tr\/#\/schema\/logo\/image\/"}}]}},"_links":{"self":[{"href":"https:\/\/jsvlogistic.com\/tr\/wp-json\/wp\/v2\/pages\/6303","targetHints":{"allow":["GET"]}}],"collection":[{"href":"https:\/\/jsvlogistic.com\/tr\/wp-json\/wp\/v2\/pages"}],"about":[{"href":"https:\/\/jsvlogistic.com\/tr\/wp-json\/wp\/v2\/types\/page"}],"author":[{"embeddable":true,"href":"https:\/\/jsvlogistic.com\/tr\/wp-json\/wp\/v2\/users\/1"}],"replies":[{"embeddable":true,"href":"https:\/\/jsvlogistic.com\/tr\/wp-json\/wp\/v2\/comments?post=6303"}],"version-history":[{"count":1,"href":"https:\/\/jsvlogistic.com\/tr\/wp-json\/wp\/v2\/pages\/6303\/revisions"}],"predecessor-version":[{"id":6305,"href":"https:\/\/jsvlogistic.com\/tr\/wp-json\/wp\/v2\/pages\/6303\/revisions\/6305"}],"wp:attachment":[{"href":"https:\/\/jsvlogistic.com\/tr\/wp-json\/wp\/v2\/media?parent=6303"}],"curies":[{"name":"wp","href":"https:\/\/api.w.org\/{rel}","templated":true}]}}